{"id":328,"date":"2025-02-18T20:57:13","date_gmt":"2025-02-18T20:57:13","guid":{"rendered":"https:\/\/creativeadvisoryhub.com\/about\/"},"modified":"2025-02-28T05:29:43","modified_gmt":"2025-02-28T05:29:43","slug":"about","status":"publish","type":"page","link":"https:\/\/creativeadvisoryhub.com\/es\/about\/","title":{"rendered":"Nosotros"},"content":{"rendered":"<div data-elementor-type=\"wp-page\" data-elementor-id=\"328\" class=\"elementor elementor-328\">\n\t\t\t\t<div class=\"elementor-element elementor-element-a0ffa71 e-flex e-con-boxed e-con e-parent\" data-id=\"a0ffa71\" data-element_type=\"container\" data-settings=\"{&quot;background_background&quot;:&quot;classic&quot;}\">\n\t\t\t\t\t<div class=\"e-con-inner\">\n\t\t<div class=\"elementor-element elementor-element-9de5196 e-con-full e-flex e-con e-child\" data-id=\"9de5196\" data-element_type=\"container\">\n\t\t\t\t<div class=\"elementor-element elementor-element-2679d83 elementor-widget elementor-widget-heading\" data-id=\"2679d83\" data-element_type=\"widget\" data-widget_type=\"heading.default\">\n\t\t\t\t<div class=\"elementor-widget-container\">\n\t\t\t\t\t<h1 class=\"elementor-heading-title elementor-size-default\">Qui\u00e9nes somos<\/h1>\t\t\t\t<\/div>\n\t\t\t\t<\/div>\n\t\t\t\t<div class=\"elementor-element elementor-element-fcc3f68 elementor-widget-divider--view-line elementor-widget elementor-widget-divider\" data-id=\"fcc3f68\" data-element_type=\"widget\" data-widget_type=\"divider.default\">\n\t\t\t\t<div class=\"elementor-widget-container\">\n\t\t\t\t\t\t\t<div class=\"elementor-divider\">\n\t\t\t<span class=\"elementor-divider-separator\">\n\t\t\t\t\t\t<\/span>\n\t\t<\/div>\n\t\t\t\t\t\t<\/div>\n\t\t\t\t<\/div>\n\t\t\t\t<\/div>\n\t\t\t\t\t<\/div>\n\t\t\t\t<\/div>\n\t\t<div class=\"elementor-element elementor-element-d7082ef e-flex e-con-boxed e-con e-parent\" data-id=\"d7082ef\" data-element_type=\"container\">\n\t\t\t\t\t<div class=\"e-con-inner\">\n\t\t<div class=\"elementor-element elementor-element-0bc8e16 e-con-full e-flex e-con e-child\" data-id=\"0bc8e16\" data-element_type=\"container\">\n\t\t\t\t<div class=\"elementor-element elementor-element-e7e15e8 elementor-widget elementor-widget-image\" data-id=\"e7e15e8\" data-element_type=\"widget\" data-widget_type=\"image.default\">\n\t\t\t\t<div class=\"elementor-widget-container\">\n\t\t\t\t\t\t\t\t\t\t\t\t\t\t\t<img fetchpriority=\"high\" decoding=\"async\" width=\"768\" height=\"605\" src=\"https:\/\/creativeadvisoryhub.com\/wp-content\/uploads\/2025\/02\/Tato-1-2-768x605.jpg\" class=\"attachment-medium_large size-medium_large wp-image-1251\" alt=\"\" srcset=\"https:\/\/creativeadvisoryhub.com\/wp-content\/uploads\/2025\/02\/Tato-1-2-768x605.jpg 768w, https:\/\/creativeadvisoryhub.com\/wp-content\/uploads\/2025\/02\/Tato-1-2-300x236.jpg 300w, https:\/\/creativeadvisoryhub.com\/wp-content\/uploads\/2025\/02\/Tato-1-2-1024x807.jpg 1024w, https:\/\/creativeadvisoryhub.com\/wp-content\/uploads\/2025\/02\/Tato-1-2-1536x1210.jpg 1536w, https:\/\/creativeadvisoryhub.com\/wp-content\/uploads\/2025\/02\/Tato-1-2.jpg 1906w\" sizes=\"(max-width: 768px) 100vw, 768px\" \/>\t\t\t\t\t\t\t\t\t\t\t\t\t\t\t<\/div>\n\t\t\t\t<\/div>\n\t\t\t\t<\/div>\n\t\t\t\t<div class=\"elementor-element elementor-element-a156275 elementor-widget elementor-widget-text-editor\" data-id=\"a156275\" data-element_type=\"widget\" data-widget_type=\"text-editor.default\">\n\t\t\t\t<div class=\"elementor-widget-container\">\n\t\t\t\t\t\t\t\t\t<h2>&nbsp;<\/h2><div><br><\/div><div><br><\/div>\n<h2 class=\"elementor-image-box-title\">&nbsp; &nbsp; Fernando \"Tato\" Cimato<\/h2>\n<h4 class=\"elementor-image-box-description\"><strong><br>Mis amigos me llaman Tato. Llamame como mis amigos por favor.<\/strong><\/h4>\t\t\t\t\t\t\t\t<\/div>\n\t\t\t\t<\/div>\n\t\t\t\t\t<\/div>\n\t\t\t\t<\/div>\n\t\t<div class=\"elementor-element elementor-element-43dd695 e-flex e-con-boxed e-con e-parent\" data-id=\"43dd695\" data-element_type=\"container\">\n\t\t\t\t\t<div class=\"e-con-inner\">\n\t\t\t\t<div class=\"elementor-element elementor-element-a04e854 elementor-widget elementor-widget-text-editor\" data-id=\"a04e854\" data-element_type=\"widget\" data-widget_type=\"text-editor.default\">\n\t\t\t\t<div class=\"elementor-widget-container\">\n\t\t\t\t\t\t\t\t\t<h3><strong>L\u00edder, visionario en marketing global y desarrollo de canales<\/strong><\/h3><h5>Con m\u00e1s de\u00a0<strong>25 a\u00f1os de experiencia<\/strong>\u00a0en\u00a0<strong>ventas, marketing y desarrollo de canales<\/strong>, Fernando \"Tato\" Cimato es un\u00a0<strong>l\u00edder din\u00e1mico y orientado a resultados,<\/strong>\u00a0conocido por\u00a0<strong>impulsar la innovaci\u00f3n, el crecimiento estrat\u00e9gico y la participaci\u00f3n de los socios de negocios a escala mundial<\/strong>.<\/h5><h5>Como ejecutivo de una\u00a0<strong>Empresa Fortune 50 (HP Inc.)<\/strong>, Tato ha dirigido equipos globales de marketing,\u00a0<strong>dio forma a estrategias de desarrollo de socios de negocios, impulsar la generaci\u00f3n de demanda y liderar iniciativas de transformaci\u00f3n digital a gran escala<\/strong>. Su experiencia en\u00a0<strong>marketing de canales, desarrollo empresarial y gesti\u00f3n de cambios organizacionales complejos<\/strong>\u00a0ha redefinido la forma en que las empresas\u00a0<strong>se conectan, comercializan y venden servicios en todo el mundo<\/strong>.<\/h5><h3><strong>Logros y reconocimientos profesionales<\/strong><\/h3><h5>Tato ha recibido m\u00faltiples\u00a0<strong>premios de excelencia en ventas,<\/strong>\u00a0y ha sido nombrado\u00a0<strong>dos veces como uno de los 50 mejores l\u00edderes de marketing de Am\u00e9rica Latina<\/strong>. Tambi\u00e9n es\u00a0<strong>ganador y fue dos veces finalista del Premio de Marketing y Dise\u00f1o<\/strong>, el mayor reconocimiento entre los profesionales del marketing de HP.<\/h5><h3><strong>M\u00e1s all\u00e1 del trabajo<\/strong><\/h3><h5>Originario de\u00a0<strong>Argentina<\/strong>, Tato habla con fluidez\u00a0<strong>Espa\u00f1ol, ingl\u00e9s y portugu\u00e9s<\/strong>. Apasionado por\u00a0<strong>la tecnolog\u00eda, narraci\u00f3n de historias, creatividad e innovaci\u00f3n<\/strong>, disfruta\u00a0<strong>jugando al pickleball con amigos y su familia en Weston, FL<\/strong>.<\/h5>\t\t\t\t\t\t\t\t<\/div>\n\t\t\t\t<\/div>\n\t\t\t\t\t<\/div>\n\t\t\t\t<\/div>\n\t\t\t\t<\/div>","protected":false},"excerpt":{"rendered":"<p>About Us &nbsp; &nbsp; &nbsp; Fernando &#8220;Tato&#8221; Cimato My friends call me Tato. Please do so! Visionary Leader in Global Marketing &amp; Channel Enablement With over\u00a025 years of experience\u00a0in\u00a0sales, marketing, and channel development, Fernando \u201cTato\u201d Cimato is a\u00a0dynamic, results-driven leader\u00a0known for\u00a0driving innovation, strategic growth, and partner engagement on a global scale. As an executive at [&hellip;]<\/p>","protected":false},"author":1,"featured_media":0,"parent":0,"menu_order":0,"comment_status":"closed","ping_status":"closed","template":"","meta":{"site-sidebar-layout":"no-sidebar","site-content-layout":"page-builder","ast-site-content-layout":"","site-content-style":"default","site-sidebar-style":"default","ast-global-header-display":"","ast-banner-title-visibility":"","ast-main-header-display":"","ast-hfb-above-header-display":"","ast-hfb-below-header-display":"","ast-hfb-mobile-header-display":"","site-post-title":"disabled","ast-breadcrumbs-content":"disabled","ast-featured-img":"disabled","footer-sml-layout":"","theme-transparent-header-meta":"enabled","adv-header-id-meta":"","stick-header-meta":"","header-above-stick-meta":"","header-main-stick-meta":"","header-below-stick-meta":"","astra-migrate-meta-layouts":"default","ast-page-background-enabled":"default","ast-page-background-meta":{"desktop":{"background-color":"","background-image":"","background-repeat":"repeat","background-position":"center center","background-size":"auto","background-attachment":"scroll","background-type":"","background-media":"","overlay-type":"","overlay-color":"","overlay-opacity":"","overlay-gradient":""},"tablet":{"background-color":"","background-image":"","background-repeat":"repeat","background-position":"center center","background-size":"auto","background-attachment":"scroll","background-type":"","background-media":"","overlay-type":"","overlay-color":"","overlay-opacity":"","overlay-gradient":""},"mobile":{"background-color":"","background-image":"","background-repeat":"repeat","background-position":"center center","background-size":"auto","background-attachment":"scroll","background-type":"","background-media":"","overlay-type":"","overlay-color":"","overlay-opacity":"","overlay-gradient":""}},"ast-content-background-meta":{"desktop":{"background-color":"var(--ast-global-color-5)","background-image":"","background-repeat":"repeat","background-position":"center center","background-size":"auto","background-attachment":"scroll","background-type":"","background-media":"","overlay-type":"","overlay-color":"","overlay-opacity":"","overlay-gradient":""},"tablet":{"background-color":"var(--ast-global-color-5)","background-image":"","background-repeat":"repeat","background-position":"center center","background-size":"auto","background-attachment":"scroll","background-type":"","background-media":"","overlay-type":"","overlay-color":"","overlay-opacity":"","overlay-gradient":""},"mobile":{"background-color":"var(--ast-global-color-5)","background-image":"","background-repeat":"repeat","background-position":"center center","background-size":"auto","background-attachment":"scroll","background-type":"","background-media":"","overlay-type":"","overlay-color":"","overlay-opacity":"","overlay-gradient":""}},"footnotes":""},"class_list":["post-328","page","type-page","status-publish","hentry"],"_links":{"self":[{"href":"https:\/\/creativeadvisoryhub.com\/es\/wp-json\/wp\/v2\/pages\/328","targetHints":{"allow":["GET"]}}],"collection":[{"href":"https:\/\/creativeadvisoryhub.com\/es\/wp-json\/wp\/v2\/pages"}],"about":[{"href":"https:\/\/creativeadvisoryhub.com\/es\/wp-json\/wp\/v2\/types\/page"}],"author":[{"embeddable":true,"href":"https:\/\/creativeadvisoryhub.com\/es\/wp-json\/wp\/v2\/users\/1"}],"replies":[{"embeddable":true,"href":"https:\/\/creativeadvisoryhub.com\/es\/wp-json\/wp\/v2\/comments?post=328"}],"version-history":[{"count":78,"href":"https:\/\/creativeadvisoryhub.com\/es\/wp-json\/wp\/v2\/pages\/328\/revisions"}],"predecessor-version":[{"id":1990,"href":"https:\/\/creativeadvisoryhub.com\/es\/wp-json\/wp\/v2\/pages\/328\/revisions\/1990"}],"wp:attachment":[{"href":"https:\/\/creativeadvisoryhub.com\/es\/wp-json\/wp\/v2\/media?parent=328"}],"curies":[{"name":"wp","href":"https:\/\/api.w.org\/{rel}","templated":true}]}}