{"id":230,"date":"2025-02-18T20:57:13","date_gmt":"2025-02-18T20:57:13","guid":{"rendered":"https:\/\/creativeadvisoryhub.com\/services\/"},"modified":"2025-12-08T17:44:57","modified_gmt":"2025-12-08T17:44:57","slug":"programs","status":"publish","type":"page","link":"https:\/\/creativeadvisoryhub.com\/pt\/programs\/","title":{"rendered":"Programas"},"content":{"rendered":"<div data-elementor-type=\"wp-page\" data-elementor-id=\"230\" class=\"elementor elementor-230\">\n\t\t\t\t<div class=\"elementor-element elementor-element-0f342aa e-flex e-con-boxed e-con e-parent\" data-id=\"0f342aa\" data-element_type=\"container\" data-settings=\"{&quot;background_background&quot;:&quot;classic&quot;}\">\n\t\t\t\t\t<div class=\"e-con-inner\">\n\t\t<div class=\"elementor-element elementor-element-c57c532 e-con-full e-flex e-con e-child\" data-id=\"c57c532\" data-element_type=\"container\">\n\t\t\t\t<div class=\"elementor-element elementor-element-4e69a50 elementor-widget elementor-widget-heading\" data-id=\"4e69a50\" data-element_type=\"widget\" data-widget_type=\"heading.default\">\n\t\t\t\t<div class=\"elementor-widget-container\">\n\t\t\t\t\t<h1 class=\"elementor-heading-title elementor-size-default\">Programas e Servi\u00e7os<\/h1>\t\t\t\t<\/div>\n\t\t\t\t<\/div>\n\t\t\t\t<div class=\"elementor-element elementor-element-d2edc6b elementor-widget-divider--view-line elementor-widget elementor-widget-divider\" data-id=\"d2edc6b\" data-element_type=\"widget\" data-widget_type=\"divider.default\">\n\t\t\t\t<div class=\"elementor-widget-container\">\n\t\t\t\t\t\t\t<div class=\"elementor-divider\">\n\t\t\t<span class=\"elementor-divider-separator\">\n\t\t\t\t\t\t<\/span>\n\t\t<\/div>\n\t\t\t\t\t\t<\/div>\n\t\t\t\t<\/div>\n\t\t\t\t<\/div>\n\t\t\t\t\t<\/div>\n\t\t\t\t<\/div>\n\t\t<div class=\"elementor-element elementor-element-4106931 e-flex e-con-boxed e-con e-parent\" data-id=\"4106931\" data-element_type=\"container\" data-settings=\"{&quot;background_background&quot;:&quot;classic&quot;}\">\n\t\t\t\t\t<div class=\"e-con-inner\">\n\t\t<div class=\"elementor-element elementor-element-545dd08 e-con-full e-flex e-con e-child\" data-id=\"545dd08\" data-element_type=\"container\">\n\t\t\t\t<div class=\"elementor-element elementor-element-0a787e3 elementor-widget__width-initial elementor-widget-mobile__width-inherit elementor-view-default elementor-position-top elementor-mobile-position-top elementor-widget elementor-widget-icon-box\" data-id=\"0a787e3\" data-element_type=\"widget\" data-widget_type=\"icon-box.default\">\n\t\t\t\t<div class=\"elementor-widget-container\">\n\t\t\t\t\t\t\t<div class=\"elementor-icon-box-wrapper\">\n\n\t\t\t\t\t\t<div class=\"elementor-icon-box-icon\">\n\t\t\t\t<span  class=\"elementor-icon\">\n\t\t\t\t<svg aria-hidden=\"true\" class=\"e-font-icon-svg e-fas-users\" viewbox=\"0 0 640 512\" xmlns=\"http:\/\/www.w3.org\/2000\/svg\"><path d=\"M96 224c35.3 0 64-28.7 64-64s-28.7-64-64-64-64 28.7-64 64 28.7 64 64 64zm448 0c35.3 0 64-28.7 64-64s-28.7-64-64-64-64 28.7-64 64 28.7 64 64 64zm32 32h-64c-17.6 0-33.5 7.1-45.1 18.6 40.3 22.1 68.9 62 75.1 109.4h66c17.7 0 32-14.3 32-32v-32c0-35.3-28.7-64-64-64zm-256 0c61.9 0 112-50.1 112-112S381.9 32 320 32 208 82.1 208 144s50.1 112 112 112zm76.8 32h-8.3c-20.8 10-43.9 16-68.5 16s-47.6-6-68.5-16h-8.3C179.6 288 128 339.6 128 403.2V432c0 26.5 21.5 48 48 48h288c26.5 0 48-21.5 48-48v-28.8c0-63.6-51.6-115.2-115.2-115.2zm-223.7-13.4C161.5 263.1 145.6 256 128 256H64c-35.3 0-64 28.7-64 64v32c0 17.7 14.3 32 32 32h65.9c6.3-47.4 34.9-87.3 75.2-109.4z\"><\/path><\/svg>\t\t\t\t<\/span>\n\t\t\t<\/div>\n\t\t\t\n\t\t\t\t\t\t<div class=\"elementor-icon-box-content\">\n\n\t\t\t\t\t\t\t\t\t<h4 class=\"elementor-icon-box-title\">\n\t\t\t\t\t\t<span  >\n\t\t\t\t\t\t\tTodos os p\u00fablicos\t\t\t\t\t\t<\/span>\n\t\t\t\t\t<\/h4>\n\t\t\t\t\n\t\t\t\t\t\t\t\t\t<p class=\"elementor-icon-box-description\">\n\t\t\t\t\t\tDe coaching pessoal a servi\u00e7os de palestras, nenhum p\u00fablico \u00e9 pequeno demais. \t\t\t\t\t<\/p>\n\t\t\t\t\n\t\t\t<\/div>\n\t\t\t\n\t\t<\/div>\n\t\t\t\t\t\t<\/div>\n\t\t\t\t<\/div>\n\t\t\t\t<div class=\"elementor-element elementor-element-3dd97eb elementor-widget__width-initial elementor-widget-mobile__width-inherit elementor-view-default elementor-position-top elementor-mobile-position-top elementor-widget elementor-widget-icon-box\" data-id=\"3dd97eb\" data-element_type=\"widget\" data-widget_type=\"icon-box.default\">\n\t\t\t\t<div class=\"elementor-widget-container\">\n\t\t\t\t\t\t\t<div class=\"elementor-icon-box-wrapper\">\n\n\t\t\t\t\t\t<div class=\"elementor-icon-box-icon\">\n\t\t\t\t<span  class=\"elementor-icon\">\n\t\t\t\t<svg aria-hidden=\"true\" class=\"e-font-icon-svg e-fas-chalkboard-teacher\" viewbox=\"0 0 640 512\" xmlns=\"http:\/\/www.w3.org\/2000\/svg\"><path d=\"M208 352c-2.39 0-4.78.35-7.06 1.09C187.98 357.3 174.35 360 160 360c-14.35 0-27.98-2.7-40.95-6.91-2.28-.74-4.66-1.09-7.05-1.09C49.94 352-.33 402.48 0 464.62.14 490.88 21.73 512 48 512h224c26.27 0 47.86-21.12 48-47.38.33-62.14-49.94-112.62-112-112.62zm-48-32c53.02 0 96-42.98 96-96s-42.98-96-96-96-96 42.98-96 96 42.98 96 96 96zM592 0H208c-26.47 0-48 22.25-48 49.59V96c23.42 0 45.1 6.78 64 17.8V64h352v288h-64v-64H384v64h-76.24c19.1 16.69 33.12 38.73 39.69 64H592c26.47 0 48-22.25 48-49.59V49.59C640 22.25 618.47 0 592 0z\"><\/path><\/svg>\t\t\t\t<\/span>\n\t\t\t<\/div>\n\t\t\t\n\t\t\t\t\t\t<div class=\"elementor-icon-box-content\">\n\n\t\t\t\t\t\t\t\t\t<h4 class=\"elementor-icon-box-title\">\n\t\t\t\t\t\t<span  >\n\t\t\t\t\t\t\tWorkshops personalizados\t\t\t\t\t\t<\/span>\n\t\t\t\t\t<\/h4>\n\t\t\t\t\n\t\t\t\t\t\t\t\t\t<p class=\"elementor-icon-box-description\">\n\t\t\t\t\t\tColoque em pr\u00e1tica o que voc\u00ea aprendeu desde os primeiros minutos de nossos workshops pr\u00e1ticos.\t\t\t\t\t<\/p>\n\t\t\t\t\n\t\t\t<\/div>\n\t\t\t\n\t\t<\/div>\n\t\t\t\t\t\t<\/div>\n\t\t\t\t<\/div>\n\t\t\t\t<div class=\"elementor-element elementor-element-06e6cf3 elementor-widget__width-initial elementor-widget-mobile__width-inherit elementor-view-default elementor-position-top elementor-mobile-position-top elementor-widget elementor-widget-icon-box\" data-id=\"06e6cf3\" data-element_type=\"widget\" data-widget_type=\"icon-box.default\">\n\t\t\t\t<div class=\"elementor-widget-container\">\n\t\t\t\t\t\t\t<div class=\"elementor-icon-box-wrapper\">\n\n\t\t\t\t\t\t<div class=\"elementor-icon-box-icon\">\n\t\t\t\t<span  class=\"elementor-icon\">\n\t\t\t\t<svg aria-hidden=\"true\" class=\"e-font-icon-svg e-fas-expand-arrows-alt\" viewbox=\"0 0 448 512\" xmlns=\"http:\/\/www.w3.org\/2000\/svg\"><path d=\"M448 344v112a23.94 23.94 0 0 1-24 24H312c-21.39 0-32.09-25.9-17-41l36.2-36.2L224 295.6 116.77 402.9 153 439c15.09 15.1 4.39 41-17 41H24a23.94 23.94 0 0 1-24-24V344c0-21.4 25.89-32.1 41-17l36.19 36.2L184.46 256 77.18 148.7 41 185c-15.1 15.1-41 4.4-41-17V56a23.94 23.94 0 0 1 24-24h112c21.39 0 32.09 25.9 17 41l-36.2 36.2L224 216.4l107.23-107.3L295 73c-15.09-15.1-4.39-41 17-41h112a23.94 23.94 0 0 1 24 24v112c0 21.4-25.89 32.1-41 17l-36.19-36.2L263.54 256l107.28 107.3L407 327.1c15.1-15.2 41-4.5 41 16.9z\"><\/path><\/svg>\t\t\t\t<\/span>\n\t\t\t<\/div>\n\t\t\t\n\t\t\t\t\t\t<div class=\"elementor-icon-box-content\">\n\n\t\t\t\t\t\t\t\t\t<h4 class=\"elementor-icon-box-title\">\n\t\t\t\t\t\t<span  >\n\t\t\t\t\t\t\tAmplie suas habilidades\t\t\t\t\t\t<\/span>\n\t\t\t\t\t<\/h4>\n\t\t\t\t\n\t\t\t\t\t\t\t\t\t<p class=\"elementor-icon-box-description\">\n\t\t\t\t\t\tAprenda a ler seu p\u00fablico, gerenciar seu tom e sua mensagem e fazer melhores neg\u00f3cios.\t\t\t\t\t<\/p>\n\t\t\t\t\n\t\t\t<\/div>\n\t\t\t\n\t\t<\/div>\n\t\t\t\t\t\t<\/div>\n\t\t\t\t<\/div>\n\t\t\t\t<\/div>\n\t\t\t\t\t<\/div>\n\t\t\t\t<\/div>\n\t\t<div class=\"elementor-element elementor-element-6d25e9e e-flex e-con-boxed e-con e-parent\" data-id=\"6d25e9e\" data-element_type=\"container\" data-settings=\"{&quot;background_background&quot;:&quot;classic&quot;}\">\n\t\t\t\t\t<div class=\"e-con-inner\">\n\t\t<div class=\"elementor-element elementor-element-a4f396a e-con-full e-flex e-con e-child\" data-id=\"a4f396a\" data-element_type=\"container\">\n\t\t<div class=\"elementor-element elementor-element-c6792eb e-flex e-con-boxed e-con e-child\" data-id=\"c6792eb\" data-element_type=\"container\">\n\t\t\t\t\t<div class=\"e-con-inner\">\n\t\t<div class=\"elementor-element elementor-element-12b93eb e-con-full e-flex e-con e-child\" data-id=\"12b93eb\" data-element_type=\"container\">\n\t\t\t\t<div class=\"elementor-element elementor-element-9e84f63 elementor-widget elementor-widget-image\" data-id=\"9e84f63\" data-element_type=\"widget\" data-widget_type=\"image.default\">\n\t\t\t\t<div class=\"elementor-widget-container\">\n\t\t\t\t\t\t\t\t\t\t\t\t\t\t\t<img fetchpriority=\"high\" decoding=\"async\" width=\"300\" height=\"300\" src=\"https:\/\/creativeadvisoryhub.com\/wp-content\/uploads\/2025\/02\/Presenter-3-300x300.jpeg\" class=\"attachment-medium size-medium wp-image-1700\" alt=\"\" srcset=\"https:\/\/creativeadvisoryhub.com\/wp-content\/uploads\/2025\/02\/Presenter-3-300x300.jpeg 300w, https:\/\/creativeadvisoryhub.com\/wp-content\/uploads\/2025\/02\/Presenter-3-1024x1024.jpeg 1024w, https:\/\/creativeadvisoryhub.com\/wp-content\/uploads\/2025\/02\/Presenter-3-150x150.jpeg 150w, https:\/\/creativeadvisoryhub.com\/wp-content\/uploads\/2025\/02\/Presenter-3-768x768.jpeg 768w, https:\/\/creativeadvisoryhub.com\/wp-content\/uploads\/2025\/02\/Presenter-3-1536x1536.jpeg 1536w, https:\/\/creativeadvisoryhub.com\/wp-content\/uploads\/2025\/02\/Presenter-3.jpeg 2048w\" sizes=\"(max-width: 300px) 100vw, 300px\" \/>\t\t\t\t\t\t\t\t\t\t\t\t\t\t\t<\/div>\n\t\t\t\t<\/div>\n\t\t\t\t<\/div>\n\t\t<div class=\"elementor-element elementor-element-164d7a5 e-con-full e-flex e-con e-child\" data-id=\"164d7a5\" data-element_type=\"container\">\n\t\t\t\t<div class=\"elementor-element elementor-element-e8c2564 elementor-vertical-align-middle elementor-widget elementor-widget-image-box\" data-id=\"e8c2564\" data-element_type=\"widget\" data-widget_type=\"image-box.default\">\n\t\t\t\t<div class=\"elementor-widget-container\">\n\t\t\t\t\t<div class=\"elementor-image-box-wrapper\"><div class=\"elementor-image-box-content\"><h3 class=\"elementor-image-box-title\">Domine suas habilidades de apresenta\u00e7\u00e3o<\/h3><p class=\"elementor-image-box-description\">Ficar diante de uma plateia pode ser um grande desafio. Aprenda a criar apresenta\u00e7\u00f5es impactantes, simplificar sua mensagem, elaborar hist\u00f3rias envolventes e envolver seu p\u00fablico com confian\u00e7a. Este workshop fornecer\u00e1 t\u00e9cnicas de narrativa e dicas de especialistas para dominar dados, n\u00fameros e fazer apresenta\u00e7\u00f5es de grande sucesso. <\/p><\/div><\/div>\t\t\t\t<\/div>\n\t\t\t\t<\/div>\n\t\t\t\t<\/div>\n\t\t\t\t\t<\/div>\n\t\t\t\t<\/div>\n\t\t<div class=\"elementor-element elementor-element-aa5e325 e-flex e-con-boxed e-con e-child\" data-id=\"aa5e325\" data-element_type=\"container\">\n\t\t\t\t\t<div class=\"e-con-inner\">\n\t\t<div class=\"elementor-element elementor-element-7540d89 e-con-full e-flex e-con e-child\" data-id=\"7540d89\" data-element_type=\"container\">\n\t\t\t\t<div class=\"elementor-element elementor-element-ba413dd elementor-vertical-align-middle elementor-widget elementor-widget-image-box\" data-id=\"ba413dd\" data-element_type=\"widget\" data-widget_type=\"image-box.default\">\n\t\t\t\t<div class=\"elementor-widget-container\">\n\t\t\t\t\t<div class=\"elementor-image-box-wrapper\"><div class=\"elementor-image-box-content\"><h3 class=\"elementor-image-box-title\">\"IA\" para PMEs<\/h3><p class=\"elementor-image-box-description\">Se sua empresa precisa de \"IA\" e voc\u00ea n\u00e3o sabe por onde come\u00e7ar, este programa \u00e9 para voc\u00ea. Descubra como ferramentas como ChatGPT, Copilot e muitas outras podem transformar seu neg\u00f3cio e otimizar seus processos. N\u00e3o deixe que seus concorrentes tomem conta do seu neg\u00f3cio. Lidere seu caminho para o sucesso\n<\/p><\/div><\/div>\t\t\t\t<\/div>\n\t\t\t\t<\/div>\n\t\t\t\t<\/div>\n\t\t<div class=\"elementor-element elementor-element-1a6444d e-con-full e-flex e-con e-child\" data-id=\"1a6444d\" data-element_type=\"container\">\n\t\t\t\t<div class=\"elementor-element elementor-element-2647332 elementor-widget elementor-widget-image\" data-id=\"2647332\" data-element_type=\"widget\" data-widget_type=\"image.default\">\n\t\t\t\t<div class=\"elementor-widget-container\">\n\t\t\t\t\t\t\t\t\t\t\t\t\t\t\t<img decoding=\"async\" width=\"300\" height=\"300\" src=\"https:\/\/creativeadvisoryhub.com\/wp-content\/uploads\/2025\/02\/Robot-human-300x300.jpeg\" class=\"attachment-medium size-medium wp-image-1696\" alt=\"\" srcset=\"https:\/\/creativeadvisoryhub.com\/wp-content\/uploads\/2025\/02\/Robot-human-300x300.jpeg 300w, https:\/\/creativeadvisoryhub.com\/wp-content\/uploads\/2025\/02\/Robot-human-1024x1024.jpeg 1024w, https:\/\/creativeadvisoryhub.com\/wp-content\/uploads\/2025\/02\/Robot-human-150x150.jpeg 150w, https:\/\/creativeadvisoryhub.com\/wp-content\/uploads\/2025\/02\/Robot-human-768x768.jpeg 768w, https:\/\/creativeadvisoryhub.com\/wp-content\/uploads\/2025\/02\/Robot-human-1536x1536.jpeg 1536w, https:\/\/creativeadvisoryhub.com\/wp-content\/uploads\/2025\/02\/Robot-human.jpeg 2048w\" sizes=\"(max-width: 300px) 100vw, 300px\" \/>\t\t\t\t\t\t\t\t\t\t\t\t\t\t\t<\/div>\n\t\t\t\t<\/div>\n\t\t\t\t<\/div>\n\t\t\t\t\t<\/div>\n\t\t\t\t<\/div>\n\t\t<div class=\"elementor-element elementor-element-4d69580 e-flex e-con-boxed e-con e-child\" data-id=\"4d69580\" data-element_type=\"container\">\n\t\t\t\t\t<div class=\"e-con-inner\">\n\t\t<div class=\"elementor-element elementor-element-509a22c e-con-full e-flex e-con e-child\" data-id=\"509a22c\" data-element_type=\"container\">\n\t\t\t\t<div class=\"elementor-element elementor-element-b3d2435 elementor-widget elementor-widget-image\" data-id=\"b3d2435\" data-element_type=\"widget\" data-widget_type=\"image.default\">\n\t\t\t\t<div class=\"elementor-widget-container\">\n\t\t\t\t\t\t\t\t\t\t\t\t\t\t\t<img decoding=\"async\" width=\"300\" height=\"300\" src=\"https:\/\/creativeadvisoryhub.com\/wp-content\/uploads\/2025\/02\/Back-in-the-market-2-300x300.jpg\" class=\"attachment-medium size-medium wp-image-1238\" alt=\"\" srcset=\"https:\/\/creativeadvisoryhub.com\/wp-content\/uploads\/2025\/02\/Back-in-the-market-2-300x300.jpg 300w, https:\/\/creativeadvisoryhub.com\/wp-content\/uploads\/2025\/02\/Back-in-the-market-2-1024x1024.jpg 1024w, https:\/\/creativeadvisoryhub.com\/wp-content\/uploads\/2025\/02\/Back-in-the-market-2-150x150.jpg 150w, https:\/\/creativeadvisoryhub.com\/wp-content\/uploads\/2025\/02\/Back-in-the-market-2-768x768.jpg 768w, https:\/\/creativeadvisoryhub.com\/wp-content\/uploads\/2025\/02\/Back-in-the-market-2-1536x1536.jpg 1536w, https:\/\/creativeadvisoryhub.com\/wp-content\/uploads\/2025\/02\/Back-in-the-market-2.jpg 2048w\" sizes=\"(max-width: 300px) 100vw, 300px\" \/>\t\t\t\t\t\t\t\t\t\t\t\t\t\t\t<\/div>\n\t\t\t\t<\/div>\n\t\t\t\t<\/div>\n\t\t<div class=\"elementor-element elementor-element-55b8d16 e-con-full e-flex e-con e-child\" data-id=\"55b8d16\" data-element_type=\"container\">\n\t\t\t\t<div class=\"elementor-element elementor-element-4a6d095 elementor-vertical-align-middle elementor-widget elementor-widget-image-box\" data-id=\"4a6d095\" data-element_type=\"widget\" data-widget_type=\"image-box.default\">\n\t\t\t\t<div class=\"elementor-widget-container\">\n\t\t\t\t\t<div class=\"elementor-image-box-wrapper\"><div class=\"elementor-image-box-content\"><h3 class=\"elementor-image-box-title\">De volta ao trabalho: Tudo mudou!<\/h3><p class=\"elementor-image-box-description\">Este \u00e9 um programa simples, mas eficaz, especialmente criado para profissionais que est\u00e3o retornando ao trabalho. Isso ajudar\u00e1 voc\u00ea a recuperar sua confian\u00e7a profissional e a dominar ferramentas modernas. Criado para profissionais que est\u00e3o h\u00e1 anos fora do mercado de trabalho e precisam atualizar seus conhecimentos.<\/p><\/div><\/div>\t\t\t\t<\/div>\n\t\t\t\t<\/div>\n\t\t\t\t<\/div>\n\t\t\t\t\t<\/div>\n\t\t\t\t<\/div>\n\t\t<div class=\"elementor-element elementor-element-9604300 e-flex e-con-boxed e-con e-child\" data-id=\"9604300\" data-element_type=\"container\">\n\t\t\t\t\t<div class=\"e-con-inner\">\n\t\t<div class=\"elementor-element elementor-element-ae98d02 e-con-full e-flex e-con e-child\" data-id=\"ae98d02\" data-element_type=\"container\">\n\t\t\t\t<div class=\"elementor-element elementor-element-ce4fda4 elementor-vertical-align-middle elementor-widget elementor-widget-image-box\" data-id=\"ce4fda4\" data-element_type=\"widget\" data-widget_type=\"image-box.default\">\n\t\t\t\t<div class=\"elementor-widget-container\">\n\t\t\t\t\t<div class=\"elementor-image-box-wrapper\"><div class=\"elementor-image-box-content\"><h3 class=\"elementor-image-box-title\">A arte de lidar com a imprensa<\/h3><p class=\"elementor-image-box-description\">Este workshop fornecer\u00e1 habilidades essenciais para gerenciar a comunica\u00e7\u00e3o de forma proativa, construir sua imagem e responder de forma eficaz aos desafios. Saiba como lidar com a imprensa, manter a mensagem e responder com confian\u00e7a a perguntas dif\u00edceis.<\/p><\/div><\/div>\t\t\t\t<\/div>\n\t\t\t\t<\/div>\n\t\t\t\t<\/div>\n\t\t<div class=\"elementor-element elementor-element-fa19c8b e-con-full e-flex e-con e-child\" data-id=\"fa19c8b\" data-element_type=\"container\">\n\t\t\t\t<div class=\"elementor-element elementor-element-46df725 elementor-widget elementor-widget-image\" data-id=\"46df725\" data-element_type=\"widget\" data-widget_type=\"image.default\">\n\t\t\t\t<div class=\"elementor-widget-container\">\n\t\t\t\t\t\t\t\t\t\t\t\t\t\t\t<img loading=\"lazy\" decoding=\"async\" width=\"300\" height=\"300\" src=\"https:\/\/creativeadvisoryhub.com\/wp-content\/uploads\/2025\/02\/Dealing-with-the-press-300x300.jpeg\" class=\"attachment-medium size-medium wp-image-1670\" alt=\"\" srcset=\"https:\/\/creativeadvisoryhub.com\/wp-content\/uploads\/2025\/02\/Dealing-with-the-press-300x300.jpeg 300w, https:\/\/creativeadvisoryhub.com\/wp-content\/uploads\/2025\/02\/Dealing-with-the-press-1024x1024.jpeg 1024w, https:\/\/creativeadvisoryhub.com\/wp-content\/uploads\/2025\/02\/Dealing-with-the-press-150x150.jpeg 150w, https:\/\/creativeadvisoryhub.com\/wp-content\/uploads\/2025\/02\/Dealing-with-the-press-768x768.jpeg 768w, https:\/\/creativeadvisoryhub.com\/wp-content\/uploads\/2025\/02\/Dealing-with-the-press-1536x1536.jpeg 1536w, https:\/\/creativeadvisoryhub.com\/wp-content\/uploads\/2025\/02\/Dealing-with-the-press.jpeg 2048w\" sizes=\"(max-width: 300px) 100vw, 300px\" \/>\t\t\t\t\t\t\t\t\t\t\t\t\t\t\t<\/div>\n\t\t\t\t<\/div>\n\t\t\t\t<\/div>\n\t\t\t\t\t<\/div>\n\t\t\t\t<\/div>\n\t\t<div class=\"elementor-element elementor-element-8218990 e-flex e-con-boxed e-con e-child\" data-id=\"8218990\" data-element_type=\"container\">\n\t\t\t\t\t<div class=\"e-con-inner\">\n\t\t<div class=\"elementor-element elementor-element-e93d6a2 e-con-full e-flex e-con e-child\" data-id=\"e93d6a2\" data-element_type=\"container\">\n\t\t\t\t<div class=\"elementor-element elementor-element-781c548 elementor-vertical-align-middle elementor-widget elementor-widget-image-box\" data-id=\"781c548\" data-element_type=\"widget\" data-widget_type=\"image-box.default\">\n\t\t\t\t<div class=\"elementor-widget-container\">\n\t\t\t\t\t<div class=\"elementor-image-box-wrapper\"><div class=\"elementor-image-box-content\"><h3 class=\"elementor-image-box-title\">De PME a uma corpora\u00e7\u00e3o em 10 etapas<\/h3><p class=\"elementor-image-box-description\">Transforme sua pequena empresa em uma organiza\u00e7\u00e3o gerenciada profissionalmente usando metodologias corporativas comprovadas. Aprenda a gerenciar a comunica\u00e7\u00e3o estrat\u00e9gica, gerenciar efetivamente as mudan\u00e7as organizacionais e desenvolver processos em escala. Cres\u00e7a mantendo o esp\u00edrito empreendedor que o caracteriza.<\/p><\/div><\/div>\t\t\t\t<\/div>\n\t\t\t\t<\/div>\n\t\t\t\t<\/div>\n\t\t<div class=\"elementor-element elementor-element-2de66d5 e-con-full e-flex e-con e-child\" data-id=\"2de66d5\" data-element_type=\"container\">\n\t\t\t\t<div class=\"elementor-element elementor-element-d0d852f elementor-widget elementor-widget-image\" data-id=\"d0d852f\" data-element_type=\"widget\" data-widget_type=\"image.default\">\n\t\t\t\t<div class=\"elementor-widget-container\">\n\t\t\t\t\t\t\t\t\t\t\t\t\t\t\t<img loading=\"lazy\" decoding=\"async\" width=\"300\" height=\"300\" src=\"https:\/\/creativeadvisoryhub.com\/wp-content\/uploads\/2025\/02\/10-step-300x300.jpeg\" class=\"attachment-medium size-medium wp-image-2032\" alt=\"\" srcset=\"https:\/\/creativeadvisoryhub.com\/wp-content\/uploads\/2025\/02\/10-step-300x300.jpeg 300w, https:\/\/creativeadvisoryhub.com\/wp-content\/uploads\/2025\/02\/10-step-1024x1024.jpeg 1024w, https:\/\/creativeadvisoryhub.com\/wp-content\/uploads\/2025\/02\/10-step-150x150.jpeg 150w, https:\/\/creativeadvisoryhub.com\/wp-content\/uploads\/2025\/02\/10-step-768x768.jpeg 768w, https:\/\/creativeadvisoryhub.com\/wp-content\/uploads\/2025\/02\/10-step-1536x1536.jpeg 1536w, https:\/\/creativeadvisoryhub.com\/wp-content\/uploads\/2025\/02\/10-step.jpeg 2048w\" sizes=\"(max-width: 300px) 100vw, 300px\" \/>\t\t\t\t\t\t\t\t\t\t\t\t\t\t\t<\/div>\n\t\t\t\t<\/div>\n\t\t\t\t<\/div>\n\t\t\t\t\t<\/div>\n\t\t\t\t<\/div>\n\t\t\t\t<\/div>\n\t\t\t\t\t<\/div>\n\t\t\t\t<\/div>\n\t\t<div class=\"elementor-element elementor-element-8bf328d e-flex e-con-boxed e-con e-parent\" data-id=\"8bf328d\" data-element_type=\"container\" data-settings=\"{&quot;background_background&quot;:&quot;classic&quot;}\">\n\t\t\t\t\t<div class=\"e-con-inner\">\n\t\t<div class=\"elementor-element elementor-element-e986e1f e-con-full e-flex e-con e-child\" data-id=\"e986e1f\" data-element_type=\"container\">\n\t\t\t\t<div class=\"elementor-element elementor-element-e59cab5 elementor-widget elementor-widget-heading\" data-id=\"e59cab5\" data-element_type=\"widget\" data-widget_type=\"heading.default\">\n\t\t\t\t<div class=\"elementor-widget-container\">\n\t\t\t\t\t<h2 class=\"elementor-heading-title elementor-size-default\">O momento de investir em voc\u00ea \u00e9 agora.<\/h2>\t\t\t\t<\/div>\n\t\t\t\t<\/div>\n\t\t\t\t<\/div>\n\t\t\t\t\t<\/div>\n\t\t\t\t<\/div>\n\t\t\t\t<\/div>","protected":false},"excerpt":{"rendered":"<p>Programs &amp; Services All Audiences From personal coaching to keynote services, no audience is too small. Personalized Workshops Put what you have learned into practice from the first minutes of our hands-on workshops. Expand Your Skills Learn how to read the audience, manage your tone, message and close better deals. Master your Presentation Skills Standing [&hellip;]<\/p>","protected":false},"author":1,"featured_media":0,"parent":0,"menu_order":0,"comment_status":"closed","ping_status":"closed","template":"","meta":{"site-sidebar-layout":"no-sidebar","site-content-layout":"page-builder","ast-site-content-layout":"","site-content-style":"default","site-sidebar-style":"default","ast-global-header-display":"","ast-banner-title-visibility":"","ast-main-header-display":"","ast-hfb-above-header-display":"","ast-hfb-below-header-display":"","ast-hfb-mobile-header-display":"","site-post-title":"disabled","ast-breadcrumbs-content":"disabled","ast-featured-img":"disabled","footer-sml-layout":"","theme-transparent-header-meta":"enabled","adv-header-id-meta":"","stick-header-meta":"","header-above-stick-meta":"","header-main-stick-meta":"","header-below-stick-meta":"","astra-migrate-meta-layouts":"default","ast-page-background-enabled":"default","ast-page-background-meta":{"desktop":{"background-color":"","background-image":"","background-repeat":"repeat","background-position":"center center","background-size":"auto","background-attachment":"scroll","background-type":"","background-media":"","overlay-type":"","overlay-color":"","overlay-opacity":"","overlay-gradient":""},"tablet":{"background-color":"","background-image":"","background-repeat":"repeat","background-position":"center center","background-size":"auto","background-attachment":"scroll","background-type":"","background-media":"","overlay-type":"","overlay-color":"","overlay-opacity":"","overlay-gradient":""},"mobile":{"background-color":"","background-image":"","background-repeat":"repeat","background-position":"center center","background-size":"auto","background-attachment":"scroll","background-type":"","background-media":"","overlay-type":"","overlay-color":"","overlay-opacity":"","overlay-gradient":""}},"ast-content-background-meta":{"desktop":{"background-color":"var(--ast-global-color-5)","background-image":"","background-repeat":"repeat","background-position":"center center","background-size":"auto","background-attachment":"scroll","background-type":"","background-media":"","overlay-type":"","overlay-color":"","overlay-opacity":"","overlay-gradient":""},"tablet":{"background-color":"var(--ast-global-color-5)","background-image":"","background-repeat":"repeat","background-position":"center center","background-size":"auto","background-attachment":"scroll","background-type":"","background-media":"","overlay-type":"","overlay-color":"","overlay-opacity":"","overlay-gradient":""},"mobile":{"background-color":"var(--ast-global-color-5)","background-image":"","background-repeat":"repeat","background-position":"center center","background-size":"auto","background-attachment":"scroll","background-type":"","background-media":"","overlay-type":"","overlay-color":"","overlay-opacity":"","overlay-gradient":""}},"footnotes":""},"class_list":["post-230","page","type-page","status-publish","hentry"],"_links":{"self":[{"href":"https:\/\/creativeadvisoryhub.com\/pt\/wp-json\/wp\/v2\/pages\/230","targetHints":{"allow":["GET"]}}],"collection":[{"href":"https:\/\/creativeadvisoryhub.com\/pt\/wp-json\/wp\/v2\/pages"}],"about":[{"href":"https:\/\/creativeadvisoryhub.com\/pt\/wp-json\/wp\/v2\/types\/page"}],"author":[{"embeddable":true,"href":"https:\/\/creativeadvisoryhub.com\/pt\/wp-json\/wp\/v2\/users\/1"}],"replies":[{"embeddable":true,"href":"https:\/\/creativeadvisoryhub.com\/pt\/wp-json\/wp\/v2\/comments?post=230"}],"version-history":[{"count":133,"href":"https:\/\/creativeadvisoryhub.com\/pt\/wp-json\/wp\/v2\/pages\/230\/revisions"}],"predecessor-version":[{"id":2058,"href":"https:\/\/creativeadvisoryhub.com\/pt\/wp-json\/wp\/v2\/pages\/230\/revisions\/2058"}],"wp:attachment":[{"href":"https:\/\/creativeadvisoryhub.com\/pt\/wp-json\/wp\/v2\/media?parent=230"}],"curies":[{"name":"wp","href":"https:\/\/api.w.org\/{rel}","templated":true}]}}