{"id":328,"date":"2025-02-18T20:57:13","date_gmt":"2025-02-18T20:57:13","guid":{"rendered":"https:\/\/creativeadvisoryhub.com\/about\/"},"modified":"2025-02-28T05:29:43","modified_gmt":"2025-02-28T05:29:43","slug":"about","status":"publish","type":"page","link":"https:\/\/creativeadvisoryhub.com\/pt\/about\/","title":{"rendered":"N\u00f3s"},"content":{"rendered":"<div data-elementor-type=\"wp-page\" data-elementor-id=\"328\" class=\"elementor elementor-328\">\n\t\t\t\t<div class=\"elementor-element elementor-element-a0ffa71 e-flex e-con-boxed e-con e-parent\" data-id=\"a0ffa71\" data-element_type=\"container\" data-settings=\"{&quot;background_background&quot;:&quot;classic&quot;}\">\n\t\t\t\t\t<div class=\"e-con-inner\">\n\t\t<div class=\"elementor-element elementor-element-9de5196 e-con-full e-flex e-con e-child\" data-id=\"9de5196\" data-element_type=\"container\">\n\t\t\t\t<div class=\"elementor-element elementor-element-2679d83 elementor-widget elementor-widget-heading\" data-id=\"2679d83\" data-element_type=\"widget\" data-widget_type=\"heading.default\">\n\t\t\t\t<div class=\"elementor-widget-container\">\n\t\t\t\t\t<h1 class=\"elementor-heading-title elementor-size-default\">Sobre n\u00f3s<\/h1>\t\t\t\t<\/div>\n\t\t\t\t<\/div>\n\t\t\t\t<div class=\"elementor-element elementor-element-fcc3f68 elementor-widget-divider--view-line elementor-widget elementor-widget-divider\" data-id=\"fcc3f68\" data-element_type=\"widget\" data-widget_type=\"divider.default\">\n\t\t\t\t<div class=\"elementor-widget-container\">\n\t\t\t\t\t\t\t<div class=\"elementor-divider\">\n\t\t\t<span class=\"elementor-divider-separator\">\n\t\t\t\t\t\t<\/span>\n\t\t<\/div>\n\t\t\t\t\t\t<\/div>\n\t\t\t\t<\/div>\n\t\t\t\t<\/div>\n\t\t\t\t\t<\/div>\n\t\t\t\t<\/div>\n\t\t<div class=\"elementor-element elementor-element-d7082ef e-flex e-con-boxed e-con e-parent\" data-id=\"d7082ef\" data-element_type=\"container\">\n\t\t\t\t\t<div class=\"e-con-inner\">\n\t\t<div class=\"elementor-element elementor-element-0bc8e16 e-con-full e-flex e-con e-child\" data-id=\"0bc8e16\" data-element_type=\"container\">\n\t\t\t\t<div class=\"elementor-element elementor-element-e7e15e8 elementor-widget elementor-widget-image\" data-id=\"e7e15e8\" data-element_type=\"widget\" data-widget_type=\"image.default\">\n\t\t\t\t<div class=\"elementor-widget-container\">\n\t\t\t\t\t\t\t\t\t\t\t\t\t\t\t<img fetchpriority=\"high\" decoding=\"async\" width=\"768\" height=\"605\" src=\"https:\/\/creativeadvisoryhub.com\/wp-content\/uploads\/2025\/02\/Tato-1-2-768x605.jpg\" class=\"attachment-medium_large size-medium_large wp-image-1251\" alt=\"\" srcset=\"https:\/\/creativeadvisoryhub.com\/wp-content\/uploads\/2025\/02\/Tato-1-2-768x605.jpg 768w, https:\/\/creativeadvisoryhub.com\/wp-content\/uploads\/2025\/02\/Tato-1-2-300x236.jpg 300w, https:\/\/creativeadvisoryhub.com\/wp-content\/uploads\/2025\/02\/Tato-1-2-1024x807.jpg 1024w, https:\/\/creativeadvisoryhub.com\/wp-content\/uploads\/2025\/02\/Tato-1-2-1536x1210.jpg 1536w, https:\/\/creativeadvisoryhub.com\/wp-content\/uploads\/2025\/02\/Tato-1-2.jpg 1906w\" sizes=\"(max-width: 768px) 100vw, 768px\" \/>\t\t\t\t\t\t\t\t\t\t\t\t\t\t\t<\/div>\n\t\t\t\t<\/div>\n\t\t\t\t<\/div>\n\t\t\t\t<div class=\"elementor-element elementor-element-a156275 elementor-widget elementor-widget-text-editor\" data-id=\"a156275\" data-element_type=\"widget\" data-widget_type=\"text-editor.default\">\n\t\t\t\t<div class=\"elementor-widget-container\">\n\t\t\t\t\t\t\t\t\t<h2>&nbsp;<\/h2><div><br><\/div><div><br><\/div>\n<h2 class=\"elementor-image-box-title\">&nbsp; &nbsp; Fernando \"Tato\" Cimato<\/h2>\n<h4 class=\"elementor-image-box-description\"><strong><br>Meus amigos me chamam de Tato. Por favor, me chame do que meus amigos me chamam.<\/strong><\/h4>\t\t\t\t\t\t\t\t<\/div>\n\t\t\t\t<\/div>\n\t\t\t\t\t<\/div>\n\t\t\t\t<\/div>\n\t\t<div class=\"elementor-element elementor-element-43dd695 e-flex e-con-boxed e-con e-parent\" data-id=\"43dd695\" data-element_type=\"container\">\n\t\t\t\t\t<div class=\"e-con-inner\">\n\t\t\t\t<div class=\"elementor-element elementor-element-a04e854 elementor-widget elementor-widget-text-editor\" data-id=\"a04e854\" data-element_type=\"widget\" data-widget_type=\"text-editor.default\">\n\t\t\t\t<div class=\"elementor-widget-container\">\n\t\t\t\t\t\t\t\t\t<h3><strong>L\u00edder, vision\u00e1rio em marketing global e rela\u00e7\u00f5es de canal<\/strong><\/h3><h5>Com mais de\u00a0<strong>25 anos de experi\u00eancia<\/strong>\u00a0em\u00a0<strong>vendas, marketing e desenvolvimento de canais<\/strong>, Fernando \"Tato\" Cimato \u00e9 um\u00a0<strong>l\u00edder din\u00e2mico e voltado para resultados<\/strong>\u00a0, conhecido por\u00a0<strong>impulsionar a inova\u00e7\u00e3o, o crescimento estrat\u00e9gico e o envolvimento de parceiros em escala global<\/strong>.<\/h5><h5>Como executivo em uma\u00a0<strong>Empresa da Fortune 50 (HP Inc.)<\/strong>, Tato liderou equipes de marketing globais,\u00a0<strong>moldou estrat\u00e9gias de capacita\u00e7\u00e3o de parceiros, impulsionar a gera\u00e7\u00e3o de demanda e liderar iniciativas de transforma\u00e7\u00e3o digital em grande escala<\/strong>. Sua experi\u00eancia em\u00a0<strong>marketing de canal, desenvolvimento de neg\u00f3cios e gerenciamento de mudan\u00e7as organizacionais complexas<\/strong>\u00a0redefiniu a forma como as empresas\u00a0<strong>se conectam, comercializam e vendem servi\u00e7os ao redor do mundo.<\/strong>.<\/h5><h3><strong>Conquistas e reconhecimento na carreira<\/strong><\/h3><h5>Tato recebeu v\u00e1rios\u00a0<strong>pr\u00eamios de excel\u00eancia em vendas,<\/strong>\u00a0e foi nomeado\u00a0<strong>duas vezes como um dos 50 maiores l\u00edderes de marketing da Am\u00e9rica Latina<\/strong>. Ele tamb\u00e9m \u00e9 um\u00a0<strong>vencedor e duas vezes finalista do Pr\u00eamio de Marketing e Design<\/strong>o maior reconhecimento entre os profissionais de marketing da HP.<\/h5><h3><strong>Al\u00e9m do trabalho<\/strong><\/h3><h5>Originalmente de\u00a0<strong>Argentina<\/strong>Tato \u00e9 fluente em\u00a0<strong>Espanhol, ingl\u00eas e portugu\u00eas<\/strong>. Apaixonado por\u00a0<strong>tecnologia, narra\u00e7\u00e3o de hist\u00f3rias, criatividade e inova\u00e7\u00e3o<\/strong>, ele gosta de\u00a0<strong>jogar pickleball com amigos e sua fam\u00edlia em Weston, FL<\/strong>.<\/h5>\t\t\t\t\t\t\t\t<\/div>\n\t\t\t\t<\/div>\n\t\t\t\t\t<\/div>\n\t\t\t\t<\/div>\n\t\t\t\t<\/div>","protected":false},"excerpt":{"rendered":"<p>About Us &nbsp; &nbsp; &nbsp; Fernando &#8220;Tato&#8221; Cimato My friends call me Tato. Please do so! Visionary Leader in Global Marketing &amp; Channel Enablement With over\u00a025 years of experience\u00a0in\u00a0sales, marketing, and channel development, Fernando \u201cTato\u201d Cimato is a\u00a0dynamic, results-driven leader\u00a0known for\u00a0driving innovation, strategic growth, and partner engagement on a global scale. As an executive at [&hellip;]<\/p>","protected":false},"author":1,"featured_media":0,"parent":0,"menu_order":0,"comment_status":"closed","ping_status":"closed","template":"","meta":{"site-sidebar-layout":"no-sidebar","site-content-layout":"page-builder","ast-site-content-layout":"","site-content-style":"default","site-sidebar-style":"default","ast-global-header-display":"","ast-banner-title-visibility":"","ast-main-header-display":"","ast-hfb-above-header-display":"","ast-hfb-below-header-display":"","ast-hfb-mobile-header-display":"","site-post-title":"disabled","ast-breadcrumbs-content":"disabled","ast-featured-img":"disabled","footer-sml-layout":"","theme-transparent-header-meta":"enabled","adv-header-id-meta":"","stick-header-meta":"","header-above-stick-meta":"","header-main-stick-meta":"","header-below-stick-meta":"","astra-migrate-meta-layouts":"default","ast-page-background-enabled":"default","ast-page-background-meta":{"desktop":{"background-color":"","background-image":"","background-repeat":"repeat","background-position":"center center","background-size":"auto","background-attachment":"scroll","background-type":"","background-media":"","overlay-type":"","overlay-color":"","overlay-opacity":"","overlay-gradient":""},"tablet":{"background-color":"","background-image":"","background-repeat":"repeat","background-position":"center center","background-size":"auto","background-attachment":"scroll","background-type":"","background-media":"","overlay-type":"","overlay-color":"","overlay-opacity":"","overlay-gradient":""},"mobile":{"background-color":"","background-image":"","background-repeat":"repeat","background-position":"center center","background-size":"auto","background-attachment":"scroll","background-type":"","background-media":"","overlay-type":"","overlay-color":"","overlay-opacity":"","overlay-gradient":""}},"ast-content-background-meta":{"desktop":{"background-color":"var(--ast-global-color-5)","background-image":"","background-repeat":"repeat","background-position":"center center","background-size":"auto","background-attachment":"scroll","background-type":"","background-media":"","overlay-type":"","overlay-color":"","overlay-opacity":"","overlay-gradient":""},"tablet":{"background-color":"var(--ast-global-color-5)","background-image":"","background-repeat":"repeat","background-position":"center center","background-size":"auto","background-attachment":"scroll","background-type":"","background-media":"","overlay-type":"","overlay-color":"","overlay-opacity":"","overlay-gradient":""},"mobile":{"background-color":"var(--ast-global-color-5)","background-image":"","background-repeat":"repeat","background-position":"center center","background-size":"auto","background-attachment":"scroll","background-type":"","background-media":"","overlay-type":"","overlay-color":"","overlay-opacity":"","overlay-gradient":""}},"footnotes":""},"class_list":["post-328","page","type-page","status-publish","hentry"],"_links":{"self":[{"href":"https:\/\/creativeadvisoryhub.com\/pt\/wp-json\/wp\/v2\/pages\/328","targetHints":{"allow":["GET"]}}],"collection":[{"href":"https:\/\/creativeadvisoryhub.com\/pt\/wp-json\/wp\/v2\/pages"}],"about":[{"href":"https:\/\/creativeadvisoryhub.com\/pt\/wp-json\/wp\/v2\/types\/page"}],"author":[{"embeddable":true,"href":"https:\/\/creativeadvisoryhub.com\/pt\/wp-json\/wp\/v2\/users\/1"}],"replies":[{"embeddable":true,"href":"https:\/\/creativeadvisoryhub.com\/pt\/wp-json\/wp\/v2\/comments?post=328"}],"version-history":[{"count":78,"href":"https:\/\/creativeadvisoryhub.com\/pt\/wp-json\/wp\/v2\/pages\/328\/revisions"}],"predecessor-version":[{"id":1990,"href":"https:\/\/creativeadvisoryhub.com\/pt\/wp-json\/wp\/v2\/pages\/328\/revisions\/1990"}],"wp:attachment":[{"href":"https:\/\/creativeadvisoryhub.com\/pt\/wp-json\/wp\/v2\/media?parent=328"}],"curies":[{"name":"wp","href":"https:\/\/api.w.org\/{rel}","templated":true}]}}