{"id":7,"date":"2025-02-27T17:49:26","date_gmt":"2025-02-27T17:49:26","guid":{"rendered":"https:\/\/creativeadvisoryhub.com\/?page_id=7"},"modified":"2025-02-28T05:06:15","modified_gmt":"2025-02-28T05:06:15","slug":"why","status":"publish","type":"page","link":"https:\/\/creativeadvisoryhub.com\/pt\/why\/","title":{"rendered":"Raz\u00f5es"},"content":{"rendered":"<div data-elementor-type=\"wp-post\" data-elementor-id=\"7\" class=\"elementor elementor-7\">\n\t\t\t\t<div class=\"elementor-element elementor-element-2812e56 e-flex e-con-boxed e-con e-parent\" data-id=\"2812e56\" data-element_type=\"container\">\n\t\t\t\t\t<div class=\"e-con-inner\">\n\t\t\t\t<div class=\"elementor-element elementor-element-e6dd549 elementor-widget elementor-widget-heading\" data-id=\"e6dd549\" data-element_type=\"widget\" data-widget_type=\"heading.default\">\n\t\t\t\t<div class=\"elementor-widget-container\">\n\t\t\t\t\t<h2 class=\"elementor-heading-title elementor-size-default\">Por que n\u00f3s?<\/h2>\t\t\t\t<\/div>\n\t\t\t\t<\/div>\n\t\t\t\t\t<\/div>\n\t\t\t\t<\/div>\n\t\t<div class=\"elementor-element elementor-element-ef35fd6 e-flex e-con-boxed e-con e-parent\" data-id=\"ef35fd6\" data-element_type=\"container\">\n\t\t\t\t\t<div class=\"e-con-inner\">\n\t\t\t\t<div class=\"elementor-element elementor-element-fc497de elementor-widget elementor-widget-text-editor\" data-id=\"fc497de\" data-element_type=\"widget\" data-widget_type=\"text-editor.default\">\n\t\t\t\t<div class=\"elementor-widget-container\">\n\t\t\t\t\t\t\t\t\t<p data-start=\"93\" data-end=\"369\">\u00a0<\/p><h5 data-start=\"93\" data-end=\"369\">Em\u00a0<strong data-start=\"96\" data-end=\"121\">Creative Advisory Hub<\/strong>, damos vida \u00e0s ideias com uma combina\u00e7\u00e3o \u00fanica de estrat\u00e9gia, criatividade e experi\u00eancia. Se voc\u00ea estiver procurando por\u00a0<strong data-start=\"233\" data-end=\"300\">consultoria, orat\u00f3ria, servi\u00e7os de palestra ou treinamento on-line<\/strong>Estamos aqui para ajud\u00e1-lo\u00a0<strong data-start=\"326\" data-end=\"366\">inspirar, envolver e alcan\u00e7ar resultados<\/strong>.<\/h5><h3 data-start=\"371\" data-end=\"400\"><strong data-start=\"375\" data-end=\"398\"><br \/>O que nos diferencia?<\/strong><\/h3><p data-start=\"402\" data-end=\"543\"><strong data-start=\"404\" data-end=\"431\">Experi\u00eancia que importa<\/strong>\u00a0- Com profundo conhecimento em marketing, branding e comunica\u00e7\u00f5es, fornecemos insights que geram impacto real.<\/p><p data-start=\"545\" data-end=\"671\"><strong data-start=\"547\" data-end=\"569\">Solu\u00e7\u00f5es sob medida<\/strong>\u00a0- Cada empresa \u00e9 \u00fanica. Criamos estrat\u00e9gias personalizadas que se alinham com suas metas e seu p\u00fablico.<\/p><p data-start=\"673\" data-end=\"806\"><strong data-start=\"675\" data-end=\"706\">Abordagem envolvente e din\u00e2mica<\/strong>\u00a0- Seja em uma palestra, um workshop ou uma sess\u00e3o estrat\u00e9gica, cativamos e capacitamos sua equipe.<\/p><p data-start=\"808\" data-end=\"928\"><strong data-start=\"810\" data-end=\"836\">Mentalidade voltada para resultados<\/strong>\u00a0- N\u00e3o nos limitamos a gerar ideias; n\u00f3s as executamos com efic\u00e1cia para garantir um sucesso mensur\u00e1vel.<\/p><h3 data-start=\"930\" data-end=\"977\"><strong data-start=\"934\" data-end=\"975\"><br \/>Vamos criar algo fant\u00e1stico juntos<\/strong><\/h3><p data-start=\"978\" data-end=\"1118\">Ao fazer parceria com o Creative Advisory Hub, voc\u00ea ganha um consultor de confian\u00e7a que \u00e9 apaixonado por\u00a0<strong data-start=\"1074\" data-end=\"1115\">Ajudando voc\u00ea a crescer, se conectar e prosperar<\/strong>.<\/p><p data-start=\"1120\" data-end=\"1177\"><strong data-start=\"1120\" data-end=\"1175\">Pronto para elevar sua marca e causar impacto? Entre em contato conosco agora mesmo.<\/strong><\/p>\t\t\t\t\t\t\t\t<\/div>\n\t\t\t\t<\/div>\n\t\t\t\t\t<\/div>\n\t\t\t\t<\/div>\n\t\t\t\t<\/div>","protected":false},"excerpt":{"rendered":"<p>Why Us? \u00a0 At\u00a0Creative Advisory Hub, we bring ideas to life with a unique blend of strategy, creativity, and expertise. Whether you\u2019re looking for\u00a0consulting, public speaking, keynote services, or online training, we are here to help you\u00a0inspire, engage, and achieve results. What Sets Us Apart? Experience That Matters\u00a0\u2013 With deep expertise in marketing, branding, and [&hellip;]<\/p>","protected":false},"author":1,"featured_media":0,"parent":0,"menu_order":0,"comment_status":"closed","ping_status":"closed","template":"","meta":{"site-sidebar-layout":"no-sidebar","site-content-layout":"page-builder","ast-site-content-layout":"full-width-container","site-content-style":"default","site-sidebar-style":"default","ast-global-header-display":"","ast-banner-title-visibility":"","ast-main-header-display":"","ast-hfb-above-header-display":"","ast-hfb-below-header-display":"","ast-hfb-mobile-header-display":"","site-post-title":"disabled","ast-breadcrumbs-content":"","ast-featured-img":"disabled","footer-sml-layout":"","theme-transparent-header-meta":"","adv-header-id-meta":"","stick-header-meta":"","header-above-stick-meta":"","header-main-stick-meta":"","header-below-stick-meta":"","astra-migrate-meta-layouts":"default","ast-page-background-enabled":"default","ast-page-background-meta":{"desktop":{"background-color":"","background-image":"","background-repeat":"repeat","background-position":"center center","background-size":"auto","background-attachment":"scroll","background-type":"","background-media":"","overlay-type":"","overlay-color":"","overlay-opacity":"","overlay-gradient":""},"tablet":{"background-color":"","background-image":"","background-repeat":"repeat","background-position":"center center","background-size":"auto","background-attachment":"scroll","background-type":"","background-media":"","overlay-type":"","overlay-color":"","overlay-opacity":"","overlay-gradient":""},"mobile":{"background-color":"","background-image":"","background-repeat":"repeat","background-position":"center center","background-size":"auto","background-attachment":"scroll","background-type":"","background-media":"","overlay-type":"","overlay-color":"","overlay-opacity":"","overlay-gradient":""}},"ast-content-background-meta":{"desktop":{"background-color":"var(--ast-global-color-5)","background-image":"","background-repeat":"repeat","background-position":"center center","background-size":"auto","background-attachment":"scroll","background-type":"","background-media":"","overlay-type":"","overlay-color":"","overlay-opacity":"","overlay-gradient":""},"tablet":{"background-color":"var(--ast-global-color-5)","background-image":"","background-repeat":"repeat","background-position":"center center","background-size":"auto","background-attachment":"scroll","background-type":"","background-media":"","overlay-type":"","overlay-color":"","overlay-opacity":"","overlay-gradient":""},"mobile":{"background-color":"var(--ast-global-color-5)","background-image":"","background-repeat":"repeat","background-position":"center center","background-size":"auto","background-attachment":"scroll","background-type":"","background-media":"","overlay-type":"","overlay-color":"","overlay-opacity":"","overlay-gradient":""}},"footnotes":""},"class_list":["post-7","page","type-page","status-publish","hentry"],"_links":{"self":[{"href":"https:\/\/creativeadvisoryhub.com\/pt\/wp-json\/wp\/v2\/pages\/7","targetHints":{"allow":["GET"]}}],"collection":[{"href":"https:\/\/creativeadvisoryhub.com\/pt\/wp-json\/wp\/v2\/pages"}],"about":[{"href":"https:\/\/creativeadvisoryhub.com\/pt\/wp-json\/wp\/v2\/types\/page"}],"author":[{"embeddable":true,"href":"https:\/\/creativeadvisoryhub.com\/pt\/wp-json\/wp\/v2\/users\/1"}],"replies":[{"embeddable":true,"href":"https:\/\/creativeadvisoryhub.com\/pt\/wp-json\/wp\/v2\/comments?post=7"}],"version-history":[{"count":15,"href":"https:\/\/creativeadvisoryhub.com\/pt\/wp-json\/wp\/v2\/pages\/7\/revisions"}],"predecessor-version":[{"id":1957,"href":"https:\/\/creativeadvisoryhub.com\/pt\/wp-json\/wp\/v2\/pages\/7\/revisions\/1957"}],"wp:attachment":[{"href":"https:\/\/creativeadvisoryhub.com\/pt\/wp-json\/wp\/v2\/media?parent=7"}],"curies":[{"name":"wp","href":"https:\/\/api.w.org\/{rel}","templated":true}]}}